{"id":2012,"date":"2019-08-08T16:09:18","date_gmt":"2019-08-08T14:09:18","guid":{"rendered":"http:\/\/www.ecom-cs.com\/innowatch_autoabonnement_form_inscription\/"},"modified":"2020-05-15T10:12:34","modified_gmt":"2020-05-15T08:12:34","slug":"innowatch_autoabonnement_form_inscription","status":"publish","type":"page","link":"https:\/\/www.ecom-cs.com\/en\/innowatch_autoabonnement_form_inscription\/","title":{"rendered":"OLD-Inno&#8217;Watch_AutoAbonnement_Form_Inscription"},"content":{"rendered":"\n<style type=\"text\/css\" data-created_by=\"avia_inline_auto\" id=\"style-css-av-ccdz4r-865f9f83bd13643a838c5e0486c59543\">\n.flex_column.av-ccdz4r-865f9f83bd13643a838c5e0486c59543{\nborder-radius:0px 0px 0px 0px;\npadding:0px 0px 0px 0px;\n}\n<\/style>\n<div  class='flex_column av-ccdz4r-865f9f83bd13643a838c5e0486c59543 av_one_full  avia-builder-el-0  el_before_av_contact  avia-builder-el-first  first flex_column_div av-zero-column-padding  '     ><section  class='av_textblock_section av-jz2sd0ge-06e276fc0990f43e9d1e5e05aa8d00fc '   itemscope=\"itemscope\" itemtype=\"https:\/\/schema.org\/CreativeWork\" ><div class='avia_textblock'  itemprop=\"text\" ><p>We offer you a free evaluation access (3 months), for one person per company, to our Inno&#8217;Watch Continuous Monitoring service on Microsoft 365 and Office 365. If you want to know more, please <a href=\"http:\/\/www.ecom-cs.com\/en\/contact\/\">contact us<\/a>.<\/p>\n<\/div><\/section><\/div><form action=\"https:\/\/www.ecom-cs.com\/en\/innowatch_autoabonnement_form_inscription\/\" method=\"post\" data-fields-with-error=\"Found errors in the following field(s):\" class=\"avia_ajax_form av-form-labels-visible   avia-builder-el-2  el_after_av_one_full  el_before_av_one_fifth  av-custom-form-color av-dark-form \" data-avia-form-id=\"1\" data-avia-redirect='https:\/\/www.ecom-cs.com\/innowatch_confirmationabo\/' ><h3 class=''>To create your Inno\u2019Watch Free account, tell us a little more about yourself:<\/h3><fieldset><p class='  first_form  form_element form_element_half' id='element_avia_1_1'><label for=\"avia_1_1\">First Name<\/label> <input name=\"avia_1_1\" class=\"text_input \" type=\"text\" id=\"avia_1_1\" value=\"\" \/><\/p><p class='  form_element form_element_half' id='element_avia_2_1'><label for=\"avia_2_1\">Name<\/label> <input name=\"avia_2_1\" class=\"text_input \" type=\"text\" id=\"avia_2_1\" value=\"\" \/><\/p><p class='  first_form  form_element form_element_half' id='element_avia_3_1'><label for=\"avia_3_1\">Function<\/label> <input name=\"avia_3_1\" class=\"text_input \" type=\"text\" id=\"avia_3_1\" value=\"\" \/><\/p><p class='  form_element form_element_half' id='element_avia_4_1'><label for=\"avia_4_1\">Professional eMail<\/label> <input name=\"avia_4_1\" class=\"text_input \" type=\"text\" id=\"avia_4_1\" value=\"\" \/><\/p><p class='  first_form  form_element form_element_half' id='element_avia_5_1'><label for=\"avia_5_1\">Phone<\/label> <input name=\"avia_5_1\" class=\"text_input \" type=\"text\" id=\"avia_5_1\" value=\"\" \/><\/p><p class='  form_element form_element_half' id='element_avia_6_1'><label for=\"avia_6_1\">Mobile Phone<\/label> <input name=\"avia_6_1\" class=\"text_input \" type=\"text\" id=\"avia_6_1\" value=\"\" \/><\/p><p class='  first_form  form_element form_element_half' id='element_avia_7_1'><label for=\"avia_7_1\">Subscription Type<\/label><select  name=\"avia_7_1\" class=\"select \" id=\"avia_7_1\"><option   value='Freelance'>Freelance<\/option><option   value='Soci\u00e9t\u00e9'>Soci\u00e9t\u00e9<\/option><\/select><\/p><p class='  form_element form_element_half' id='element_avia_8_1'><label for=\"avia_8_1\">Company\u2019s number of employees<\/label> <input name=\"avia_8_1\" class=\"text_input \" type=\"text\" id=\"avia_8_1\" value=\"\" \/><\/p><p class='  first_form  form_element form_element_fourth' id='element_avia_9_1'><label for=\"avia_9_1\">Company Name<\/label> <input name=\"avia_9_1\" class=\"text_input \" type=\"text\" id=\"avia_9_1\" value=\"\" \/><\/p><p class='  form_element form_element_third' id='element_avia_10_1'><label for=\"avia_10_1\">Company Web Site<\/label> <input name=\"avia_10_1\" class=\"text_input \" type=\"text\" id=\"avia_10_1\" value=\"\" \/><\/p><p class='  form_element form_element_third' id='element_avia_11_1'><label for=\"avia_11_1\">Company ID \/ SIRET<\/label> <input name=\"avia_11_1\" class=\"text_input \" type=\"text\" id=\"avia_11_1\" value=\"\" \/><\/p><p class='  first_form  form_element form_fullwidth' id='element_avia_12_1'><label for=\"avia_12_1\">Address 1<\/label> <input name=\"avia_12_1\" class=\"text_input \" type=\"text\" id=\"avia_12_1\" value=\"\" \/><\/p><p class='  first_form  form_element form_fullwidth' id='element_avia_13_1'><label for=\"avia_13_1\">Address 2<\/label> <input name=\"avia_13_1\" class=\"text_input \" type=\"text\" id=\"avia_13_1\" value=\"\" \/><\/p><p class='  first_form  form_element form_fullwidth' id='element_avia_14_1'><label for=\"avia_14_1\">Address 3<\/label> <input name=\"avia_14_1\" class=\"text_input \" type=\"text\" id=\"avia_14_1\" value=\"\" \/><\/p><p class='  first_form  form_element form_element_third' id='element_avia_15_1'><label for=\"avia_15_1\">Zip Code<\/label> <input name=\"avia_15_1\" class=\"text_input \" type=\"text\" id=\"avia_15_1\" value=\"\" \/><\/p><p class='  form_element form_element_third' id='element_avia_16_1'><label for=\"avia_16_1\">Town<\/label> <input name=\"avia_16_1\" class=\"text_input \" type=\"text\" id=\"avia_16_1\" value=\"\" \/><\/p><p class='  form_element form_element_third av-last-visible-form-element' id='element_avia_17_1'><label for=\"avia_17_1\">Country<\/label> <input name=\"avia_17_1\" class=\"text_input \" type=\"text\" id=\"avia_17_1\" value=\"\" \/><\/p><p class=\"hidden\"><input type=\"text\" name=\"avia_18_1\" class=\"hidden \" id=\"avia_18_1\" value=\"\" \/><\/p><p class=\"form_element \"><input type=\"hidden\" value=\"1\" name=\"avia_generated_form1\" \/><input type=\"submit\" value=\"Confirm Subscription\" class=\"button\"  data-sending-label=\"Sending\"\/><\/p><\/fieldset><\/form><div id=\"ajaxresponse_1\" class=\"ajaxresponse ajaxresponse_1 hidden\"><\/div><\/p>\n\n<style type=\"text\/css\" data-created_by=\"avia_inline_auto\" id=\"style-css-av-2b5fjv-772e82a8ca598165786d5d830bd9669a\">\n.flex_column.av-2b5fjv-772e82a8ca598165786d5d830bd9669a{\nborder-radius:0px 0px 0px 0px;\npadding:0px 0px 0px 0px;\n}\n<\/style>\n<div  class='flex_column av-2b5fjv-772e82a8ca598165786d5d830bd9669a av_one_fifth  avia-builder-el-3  el_after_av_contact  avia-builder-el-last  first flex_column_div av-zero-column-padding  '     ><div  class='avia-button-wrap av-jz2rc5lp-8528de883bfd22c9612294f690eebcea-wrap avia-button-center  avia-builder-el-4  avia-builder-el-no-sibling '><a href='https:\/\/www.ecom-cs.com\/innowatch_maquetteautoabonnement\/'  class='avia-button av-jz2rc5lp-8528de883bfd22c9612294f690eebcea av-link-btn avia-icon_select-yes-left-icon avia-size-small avia-position-center av-icon-on-hover avia-color-theme-color'   aria-label=\"Back\"><span class='avia_button_icon avia_button_icon_left avia-iconfont avia-font-entypo-fontello' data-av_icon='\ue821' data-av_iconfont='entypo-fontello' ><\/span><span class='avia_iconbox_title' >Back<\/span><\/a><\/div><\/div>\n","protected":false},"excerpt":{"rendered":"","protected":false},"author":4,"featured_media":0,"parent":0,"menu_order":0,"comment_status":"closed","ping_status":"closed","template":"","meta":{"_monsterinsights_skip_tracking":false,"_monsterinsights_sitenote_active":false,"_monsterinsights_sitenote_note":"","_monsterinsights_sitenote_category":0,"footnotes":""},"folder":[],"class_list":["post-2012","page","type-page","status-publish","hentry"],"aioseo_notices":[],"_links":{"self":[{"href":"https:\/\/www.ecom-cs.com\/en\/wp-json\/wp\/v2\/pages\/2012","targetHints":{"allow":["GET"]}}],"collection":[{"href":"https:\/\/www.ecom-cs.com\/en\/wp-json\/wp\/v2\/pages"}],"about":[{"href":"https:\/\/www.ecom-cs.com\/en\/wp-json\/wp\/v2\/types\/page"}],"author":[{"embeddable":true,"href":"https:\/\/www.ecom-cs.com\/en\/wp-json\/wp\/v2\/users\/4"}],"replies":[{"embeddable":true,"href":"https:\/\/www.ecom-cs.com\/en\/wp-json\/wp\/v2\/comments?post=2012"}],"version-history":[{"count":4,"href":"https:\/\/www.ecom-cs.com\/en\/wp-json\/wp\/v2\/pages\/2012\/revisions"}],"predecessor-version":[{"id":2366,"href":"https:\/\/www.ecom-cs.com\/en\/wp-json\/wp\/v2\/pages\/2012\/revisions\/2366"}],"wp:attachment":[{"href":"https:\/\/www.ecom-cs.com\/en\/wp-json\/wp\/v2\/media?parent=2012"}],"wp:term":[{"taxonomy":"folder","embeddable":true,"href":"https:\/\/www.ecom-cs.com\/en\/wp-json\/wp\/v2\/folder?post=2012"}],"curies":[{"name":"wp","href":"https:\/\/api.w.org\/{rel}","templated":true}]}}